{"id":282,"date":"2021-08-26T09:18:59","date_gmt":"2021-08-26T09:18:59","guid":{"rendered":"https:\/\/marexa.eu\/technologie\/"},"modified":"2021-09-21T13:29:48","modified_gmt":"2021-09-21T13:29:48","slug":"technologie","status":"publish","type":"page","link":"https:\/\/marexa.eu\/de\/technologie\/","title":{"rendered":"Technologie"},"content":{"rendered":"\n<p>Sensowell\u00ae, angemeldet zum Patent, ist ein Sensorsystem bestehend aus einem nicht-elektrischen Signalempf\u00e4nger und elektronischen Sensoren. Ein speziell entwickelter Signalempf\u00e4nger nimmt detaillierte Vibrationssignale auf, die durch Bewegungen des menschlichen K\u00f6rpers erzeugt werden, und leitet sie weiter. Die Signale k\u00f6nnen von der gesamten Schlaffl\u00e4che gesammelt werden, w\u00e4hrend das im Polstermaterial befindliche physische Ger\u00e4t unbemerkt bleibt. Die gesammelten Signale werden zur Erkennung und Erstsignalanalyse durch integrierte Mikroelektronik in den peripheren Bereich des Bettes oder der Matratze geleitet. Das elektronische Ger\u00e4t verf\u00fcgt \u00fcber einen integrierten Speicher, mit dem die gesammelten Daten mehrere Wochen lang gespeichert werden k\u00f6nnen, ohne dass ein externes Ger\u00e4t angeschlossen werden muss. Das Sensowell\u00ae-System kommuniziert mit dem Smartphone, Tablet oder Computer \u00fcber Bluetooth oder eine USB-Verbindung. Ein Bruchteil der gesammelten Informationen kann zur Analyse von Big Data durch k\u00fcnstliche Intelligenz an einen Remote-Server gesendet werden.<\/p>\n\n<p>Der Sensowell\u00ae Air Purifier l\u00e4sst sich nahtlos in das Sensowell\u00ae-Sensorsystem integrieren, um zus\u00e4tzlich die Qualit\u00e4t der Luft zu \u00fcberwachen und diese reinigen zu k\u00f6nnen. Die intelligente Steuerung des Sensowell\u00ae Air Purifiers erm\u00f6glicht die Aktivierung des Luftreinigers nur dann, wenn er entsprechend der vom Sensowell\u00ae Sensor erfassten Schlafphase am wenigsten st\u00f6rt.<\/p>\n\n<p>Die Sensowell\u00ae-Technologie wird in wissenschaftlicher Zusammenarbeit mit der Universit\u00e4t Tartu weiterentwickelt und getestet. Wir sind st\u00e4ndig auf der Suche nach neuen Partnern, um neue Anwendungsgebiete der Sensowell\u00ae-Systeme zu finden. If Wenn Sie Sensowell\u00ae in Ihre Produkte integrieren m\u00f6chten oder eine Idee haben, die mit Hilfe von Sensowell\u00ae realisiert werden k\u00f6nnte, treten Sie bitte mit uns in Verbindung!<\/p>\n","protected":false},"excerpt":{"rendered":"<p>Sensowell\u00ae, angemeldet zum Patent, ist ein Sensorsystem bestehend aus einem nicht-elektrischen Signalempf\u00e4nger und elektronischen Sensoren. Ein speziell entwickelter Signalempf\u00e4nger nimmt detaillierte Vibrationssignale auf, die durch Bewegungen des menschlichen K\u00f6rpers erzeugt werden, und leitet sie weiter. Die Signale k\u00f6nnen von der gesamten Schlaffl\u00e4che gesammelt werden, w\u00e4hrend das im Polstermaterial befindliche physische Ger\u00e4t unbemerkt bleibt. Die gesammelten [&hellip;]<\/p>\n","protected":false},"author":1,"featured_media":0,"parent":0,"menu_order":0,"comment_status":"closed","ping_status":"closed","template":"functionality.php","meta":[],"_links":{"self":[{"href":"https:\/\/marexa.eu\/de\/wp-json\/wp\/v2\/pages\/282"}],"collection":[{"href":"https:\/\/marexa.eu\/de\/wp-json\/wp\/v2\/pages"}],"about":[{"href":"https:\/\/marexa.eu\/de\/wp-json\/wp\/v2\/types\/page"}],"author":[{"embeddable":true,"href":"https:\/\/marexa.eu\/de\/wp-json\/wp\/v2\/users\/1"}],"replies":[{"embeddable":true,"href":"https:\/\/marexa.eu\/de\/wp-json\/wp\/v2\/comments?post=282"}],"version-history":[{"count":6,"href":"https:\/\/marexa.eu\/de\/wp-json\/wp\/v2\/pages\/282\/revisions"}],"predecessor-version":[{"id":506,"href":"https:\/\/marexa.eu\/de\/wp-json\/wp\/v2\/pages\/282\/revisions\/506"}],"wp:attachment":[{"href":"https:\/\/marexa.eu\/de\/wp-json\/wp\/v2\/media?parent=282"}],"curies":[{"name":"wp","href":"https:\/\/api.w.org\/{rel}","templated":true}]}}