{"id":467,"date":"2021-08-26T10:59:43","date_gmt":"2021-08-26T10:59:43","guid":{"rendered":"https:\/\/marexa.eu\/teknologi\/"},"modified":"2021-09-21T13:29:06","modified_gmt":"2021-09-21T13:29:06","slug":"teknologi","status":"publish","type":"page","link":"https:\/\/marexa.eu\/sv\/teknologi\/","title":{"rendered":"Teknologi"},"content":{"rendered":"\n<p>Sensowell\u00ae patents\u00f6kta sensorsystem best\u00e5r av en icke-elektrisk signalmottagare och flera elektroniska sensorer. S\u00e4rskilt utformade signalmottagare f\u00e5ngar upp och \u00f6verf\u00f6r detaljerade vibrationssignaler som genereras av kroppens r\u00f6relser. Dessa signaler kan f\u00e5ngas upp \u00f6ver hela sovytan utan att den fysiska enheten inuti fyllnadsmaterialet k\u00e4nns eller m\u00e4rks. De uppf\u00e5ngade signalerna skickas till yttre delar av s\u00e4ngen eller underlaget f\u00f6r n\u00e4rmare detektering och en f\u00f6rsta signalanalys med hj\u00e4lp av inbyggd mikroelektronik. Den elektroniska enheten har ett internminne som kan lagra insamlad data i flera veckors tid utan n\u00e5got behov att ansluta n\u00e5gon extern enhet. Sensowell\u00ae system kan kommunicera med en smartmobil, surfplatta eller dator via Bluetooth eller USB-anslutning. Delar av insamlad data kan skickas till en avl\u00e4gsen server f\u00f6r omfattande dataanalys med AI.<\/p>\n\n<p>Sensowell\u00ae luftrenare \u00e4r s\u00f6ml\u00f6st integrerad med Sensowell\u00ae sensorsystem f\u00f6r att erbjuda ytterligare resurser som \u00f6vervakning av luftkvalitet och luftrening. Sensowell\u00ae luftrenarens smarta styrenhet g\u00f6r det m\u00f6jligt att med hj\u00e4lp av Sensowell\u00ae sensor aktivera luftrenaren endast i det s\u00f6mnstadiet n\u00e4r den st\u00f6r som minst.<\/p>\n\n<p>Sensowell\u00ae teknologi har tagits fram och testats i samarbete med forskare fr\u00e5n Tartu Universitet. Vi s\u00f6ker kontinuerligt nya partners f\u00f6r att hitta nya till\u00e4mpningsomr\u00e5den f\u00f6r v\u00e5ra Sensowell\u00ae system. Vill du integrera Sensowell\u00ae i dina produkter eller har en id\u00e9 som kan f\u00f6rverkligas med hj\u00e4lp av Sensowell\u00ae, tveka inte att kontakta oss!<\/p>\n","protected":false},"excerpt":{"rendered":"<p>Sensowell\u00ae patents\u00f6kta sensorsystem best\u00e5r av en icke-elektrisk signalmottagare och flera elektroniska sensorer. S\u00e4rskilt utformade signalmottagare f\u00e5ngar upp och \u00f6verf\u00f6r detaljerade vibrationssignaler som genereras av kroppens r\u00f6relser. Dessa signaler kan f\u00e5ngas upp \u00f6ver hela sovytan utan att den fysiska enheten inuti fyllnadsmaterialet k\u00e4nns eller m\u00e4rks. De uppf\u00e5ngade signalerna skickas till yttre delar av s\u00e4ngen eller underlaget [&hellip;]<\/p>\n","protected":false},"author":1,"featured_media":0,"parent":0,"menu_order":0,"comment_status":"closed","ping_status":"closed","template":"functionality.php","meta":[],"_links":{"self":[{"href":"https:\/\/marexa.eu\/sv\/wp-json\/wp\/v2\/pages\/467"}],"collection":[{"href":"https:\/\/marexa.eu\/sv\/wp-json\/wp\/v2\/pages"}],"about":[{"href":"https:\/\/marexa.eu\/sv\/wp-json\/wp\/v2\/types\/page"}],"author":[{"embeddable":true,"href":"https:\/\/marexa.eu\/sv\/wp-json\/wp\/v2\/users\/1"}],"replies":[{"embeddable":true,"href":"https:\/\/marexa.eu\/sv\/wp-json\/wp\/v2\/comments?post=467"}],"version-history":[{"count":4,"href":"https:\/\/marexa.eu\/sv\/wp-json\/wp\/v2\/pages\/467\/revisions"}],"predecessor-version":[{"id":502,"href":"https:\/\/marexa.eu\/sv\/wp-json\/wp\/v2\/pages\/467\/revisions\/502"}],"wp:attachment":[{"href":"https:\/\/marexa.eu\/sv\/wp-json\/wp\/v2\/media?parent=467"}],"curies":[{"name":"wp","href":"https:\/\/api.w.org\/{rel}","templated":true}]}}